{"id":469,"date":"2022-03-09T10:55:02","date_gmt":"2022-03-09T10:55:02","guid":{"rendered":"https:\/\/hundeschule421.de\/?page_id=469"},"modified":"2023-12-10T10:29:13","modified_gmt":"2023-12-10T10:29:13","slug":"allgemeine-geschaeftsbedingungen","status":"publish","type":"page","link":"https:\/\/hundeschule421.de\/?page_id=469","title":{"rendered":"Allgemeine Gesch\u00e4ftsbedingungen"},"content":{"rendered":"\n<p><strong>\u00a71 Geltungsbereich<\/strong><\/p>\n\n\n\n<p>(1) Sofern Sie (nachfolgend: &#8222;Kunde&#8220;) von uns, Hundeschule421, Klettenberger Hauptstr. 18, 99755 Hohenstein<\/p>\n\n\n\n<ul class=\"wp-block-list\">\n<li>Newsletter\/Mailings beziehen und\/oder<\/li>\n\n\n\n<li>Dienste\/Dienstleistungen in Anspruch nehmen,<\/li>\n<\/ul>\n\n\n\n<p>wird die ausschlie\u00dfliche Geltung dieser Allgemeinen Gesch\u00e4ftsbedingungen vereinbart. Die Inanspruchnahme unserer Angebote ohne vorherige Anerkennung gestatten wir nicht.<\/p>\n\n\n\n<p>(2) Alle zwischen Ihnen und uns im Zusammenhang mit dem jeweiligen Vertrag getroffenen Vereinbarungen ergeben sich aus diesen Bedingungen und aus individueller Absprache mit Ihnen.<\/p>\n\n\n\n<p>(3) Ma\u00dfgeblich ist die jeweils vor Inanspruchnahme unserer Dienste\/Dienstleistungen g\u00fcltige Fassung unserer AGB<\/p>\n\n\n\n<p>(4) Abweichende Bedingungen des Kunden akzeptieren wir nicht. Dies gilt auch, wenn wir der Einbeziehung nicht ausdr\u00fccklich widersprechen.<\/p>\n\n\n\n<p><\/p>\n\n\n\n<p><strong>\u00a72 Vertragsgegenstand<\/strong><\/p>\n\n\n\n<p>(1) Wir bieten unseren Kunden insbesondere die Teilnahme, Erbringung und Durchf\u00fchrung an mobilem Hundetraining. Die Dienstleistung erfolgt, je nach Ihrer Buchung, standardisiert oder individualisiert. Die jeweilige Leistungsbeschreibung ergibt sich unmittelbar aus unseren Angeboten.<\/p>\n\n\n\n<p>(2) Soweit nicht ausdr\u00fccklich schriftlich abweichend vereinbart, schulden wir insoweit nicht die Erbringung des Werks. Dem Kunden ist bewusst, dass ein diesbez\u00fcglicher Erfolg von uns nicht geschuldet wird. Ein Anspruch auf Erreichen eines konkreten Erfolgs besteht im Grundsatz nicht.<\/p>\n\n\n\n<p>(3) Der Kunde ist im Rahmen des Vertragsverh\u00e4ltnisses zur Mitwirkung verpflichtet. Er wird die erforderlichen Mitwirkungshandlungen auf erstes Anfordern von uns unverz\u00fcglich erbringen. Den Anweisungen des Trainers ist unbedingt Folge zu leisten. Hunde sind so zu f\u00fchren, dass andere Hunde und Personen nicht gef\u00e4hrdet werden.<\/p>\n\n\n\n<p>(4) Der Hundehalter best\u00e4tigt, dass sein Tier \u00fcber einen ausreichenden Impfschutz sowie eine Haftpflichtversicherung verf\u00fcgt.<\/p>\n\n\n\n<p><strong>\u00a73 Vertragsschluss<\/strong><\/p>\n\n\n\n<p>(1) Die Pr\u00e4sentation und Bewerbung unserer Dienste\/Dienstleistungen auf unseren Webseiten, Brosch\u00fcren oder innerhalb von Werbeanzeigen stellt kein bindendes Angebot zum Abschluss eines Vertrages mit uns dar.<\/p>\n\n\n\n<p>(2) Der Vertragsabschluss zwischen uns und dem Kunden kann fernm\u00fcndlich (Videochat, Telefon, etc.) oder schriftlich, u.a. durch R\u00fccksendung des ausgef\u00fcllten Anamnesebogens, erfolgen.<\/p>\n\n\n\n<p>(3) Fernm\u00fcndlich kommen Vertr\u00e4ge zwischen uns und dem Kunden durch \u00fcbereinstimmende Willenserkl\u00e4rungen zustande.<\/p>\n\n\n\n<p><\/p>\n\n\n\n<p><strong>\u00a74 Preise und Leistungserbringung<\/strong><\/p>\n\n\n\n<p>(1) S\u00e4mtliche Preisangaben von uns sind grunds\u00e4tzlich Nettopreise und verstehen sich, wenn wir umsatzsteuerpflichtig sind, zuz\u00fcglich der gesetzlichen Umsatzsteuer.<\/p>\n\n\n\n<p>(2) Der Kunde ist bis auf anderslautende Vereinbarung mit uns leistungspflichtig. Die vereinbarte Verg\u00fctung ist innerhalb von 14 Tagen nach Erbringung der Leistung f\u00e4llig. Bei Erstkontakt zwischen Kunden und Trainer ist der Betrag f\u00fcr das Erstgespr\u00e4ch nach R\u00fccksendung des ausgef\u00fcllten Fragebogens und vor dem Termin f\u00fcr das Anamnesegespr\u00e4ch f\u00e4llig.<\/p>\n\n\n\n<p><\/p>\n\n\n\n<p><strong>\u00a75 K\u00fcndigung, Laufzeit<\/strong><\/p>\n\n\n\n<p>(1) Der Vertrag ist f\u00fcr die im jeweiligen Hauptvertrag, in der Rechnung festgehaltenen Laufzeit oder in individueller Absprache mit dem Kunden getroffenen Vereinbarung fest geschlossen.<\/p>\n\n\n\n<p>(2) Vorzeitige\/freie K\u00fcndigungsrechte des Kunden innerhalb der Vertragslaufzeit werden ausgeschlossen.<\/p>\n\n\n\n<p>(3) Das Recht zur fristlosen K\u00fcndigung des Kunden bei Vorliegen eines wichtigen Grundes bleibt unber\u00fchrt.<\/p>\n\n\n\n<p>(4) Im Fall der vorzeitigen K\u00fcndigung des Kunden aus wichtigem Grund bleibt unser Verg\u00fctungsanspruch unber\u00fchrt. Dem Kunden bleibt der Nachweis vorbehalten, dass uns kein oder ein wesentlich geringerer Schaden entstanden ist.<\/p>\n\n\n\n<p><\/p>\n\n\n\n<p><strong>\u00a76 Verzug<\/strong><\/p>\n\n\n\n<p>(1) Fristen f\u00fcr die Leistungserbringung durch uns beginnen nicht, bevor der Rechnungsbetrag bei uns nicht vollst\u00e4ndig eingegangen ist und vereinbarungsgem\u00e4\u00df die f\u00fcr die Dienstleistungen notwendigen Daten bei uns vollst\u00e4ndig vorliegen beziehungsweise die notwendigen Mitwirkungshandlungen komplett erbracht sind.<\/p>\n\n\n\n<p>(2) Ist der Kunde mit f\u00e4lligen Zahlungen im Verzug, behalten wir uns vor, weitere Leistungen bis zum Ausgleich des offenen Betrages nicht auszuf\u00fchren.<\/p>\n\n\n\n<p>(3) Ist der Kunde im Fall der Ratenzahlung mit einer f\u00e4lligen Zahlung gegen\u00fcber uns im Verzug, sind wir berechtigt, den Vertrag au\u00dferordentlich zu k\u00fcndigen und die Leistungen einzustellen. Wir werden  die gesamte Verg\u00fctung, die bis zum n\u00e4chsten ordentlichen Beendigungstermin f\u00e4llig wird, als Schadensersatz geltend machen. Ersparte Aufwendungen sind in Abzug zu bringen.<\/p>\n\n\n\n<p><\/p>\n\n\n\n<p><strong>\u00a77 Erf\u00fcllung<\/strong><\/p>\n\n\n\n<p>(1) Wir werden die vereinbarten Dienstleistungen gem\u00e4\u00df Angebot mit der erforderlichen Sorgfalt durchf\u00fchren. Wir sind berechtigt, uns dazu der Hilfe Dritter\/Dienstleister zu bedienen.<\/p>\n\n\n\n<p>(2) Es besteht Einigkeit, dass wir bis auf anderslautende und explizit schriftliche Vereinbarung die Erbringung von Dienstleistungen und nicht die Herstellung eines Werkes schulden.<\/p>\n\n\n\n<p>(3) Sind wir gehindert, die vereinbarten Dienstleistungen zu erbringen und stammen die Hinderungsgr\u00fcnde aus der Sph\u00e4re des Kunden, bleibt der Verg\u00fctungsanspruch unsererseits unber\u00fchrt.<\/p>\n\n\n\n<p><\/p>\n\n\n\n<p>\u00a78 Nutzungsrechte<\/p>\n\n\n\n<p>(1) Jegliche Nutzung von unseren Bildern, Videos, Texten, Webinaren, Datenbanken ist ohne Zustimmung von uns nicht gestattet.<\/p>\n\n\n\n<p>(2) Die Verletzung unserer Betriebs- und Gesch\u00e4ftsgeheimnisse sowie unserer Urheberrechte werden zivilrechtlich immer verfolgt und strafrechtlich bei der zust\u00e4ndigen Ermittlungsbeh\u00f6rde zur Anzeige gebracht.<\/p>\n\n\n\n<p><\/p>\n\n\n\n<p><strong>\u00a79 Zahlungsbedingungen, SEPA-Lastschrift, Rechnung<\/strong><\/p>\n\n\n\n<p>(1) Die Verg\u00fctung unserer Dienste ist grunds\u00e4tzlich bei Abschluss des Vertrages in voller H\u00f6he f\u00e4llig, es sei denn, die individualvertragliche Absprache mit dem Kunden ist anders lautend.<\/p>\n\n\n\n<p>(2) Eine Bezahlung der gebuchten Dienstleistung ist per Rechnung innerhalb von 14 Tagen nach Erbringung der Leistung zu t\u00e4tigen.<\/p>\n\n\n\n<p>(3) Die Rechnung geht dem Kunden per E-Mail zu. Ist keine E-Mail-Adresse vorhanden, kann die Rechnung per Brief, gegen Erstattung der Portokosten, zugestellt werden.<\/p>\n\n\n\n<p>(4) Die Rechnung f\u00fcr das Erstgespr\u00e4ch ist vor dem ersten Termin vollst\u00e4ndig zu begleichen. Das Anamensegespr\u00e4ch findet ausschlie\u00dflich erst nach Zahlungseingang statt. Die Fahrtkosten werden gesondert in Rechnung gestellt.<\/p>\n\n\n\n<p><\/p>\n\n\n\n<p><strong>\u00a710 Haftung<\/strong><\/p>\n\n\n\n<p>(1) Wir haften Ihnen gegen\u00fcber in allen F\u00e4llen vertraglicher und au\u00dfervertraglicher Haftung bei Vorsatz und grober Fahrl\u00e4ssigkeit nach Ma\u00dfgabe der gesetzlichen Bestimmungen auf Schadensersatz oder Ersatz vergeblicher Aufwendungen.<\/p>\n\n\n\n<p>(2) In sonstigen F\u00e4llen haften wir &#8211; soweit in Abs. 3 nicht abweichend geregelt &#8211; nur bei Verletzung einer Vertragspflicht, deren Erf\u00fcllung die ordnungsgem\u00e4\u00dfe Durchf\u00fchrung des Vertrages \u00fcberhaupt erst erm\u00f6glicht und auf deren Einhaltung Sie als Kunde regelm\u00e4\u00dfig vertrauen d\u00fcrfen, und zwar beschr\u00e4nkt auf den Ersatz des vorhersehbaren und typischen Schadens. In allen \u00fcbrigen F\u00e4llen ist unsere Haftung vorbehaltlich der Regelung in Abs. 3 ausgeschlossen.<\/p>\n\n\n\n<p>(3) Unsere Haftung f\u00fcr Sch\u00e4den aus Verletzung des Lebens, des K\u00f6rpers oder der Gesundheit und nach dem Produkthaftungsgesetz bleibt von den vorstehenden Haftungsbeschr\u00e4nkungen und -ausschl\u00fcssen unber\u00fchrt.<\/p>\n\n\n\n<p><\/p>\n\n\n\n<p><strong>\u00a711 Datenschutz, Einwilligung in Datenverarbeitung und Kontaktaufnahme<\/strong><\/p>\n\n\n\n<p>(1) Der Schutz personenbezogener Daten hat f\u00fcr uns oberste Priorit\u00e4t. Wir informieren daher separat in unserer Datenschutzerkl\u00e4rung \u00fcber die Erhebung, Speicherung und Verarbeitung personenbezogener Daten sowie \u00fcber die diesbez\u00fcglichen Rechte der Betroffenen. Sie best\u00e4tigen, unsere Datenschutzerkl\u00e4rung vor Inanspruchnahme unserer Dienste zu Kenntnis genommen zu haben und damit einverstanden zu sein.<\/p>\n\n\n\n<p>(2) Sie willigen widerruflich in die Kontaktaufnahme durch unser Unternehmen im Wege von Fernkommunikationsmittel ein (z.B. E-Mail, SMS, Telefon, Messenger-Dienste). Sollten Sie einer Kontaktaufnahme durch uns widersprechen, m\u00fcssen Sie uns daf\u00fcr eine E-Mail zukommen lassen an: hundeschule421@t-online.de. In Ihrer Widerspruchsmail sind s\u00e4mtliche Kontaktm\u00f6glichkeiten von Ihnen zu benennen, \u00fcber die wir Sie nicht mehr kontaktieren d\u00fcrfen. Diesbez\u00fcgliche Unvollst\u00e4ndigkeit geht nicht zu unseren Lasten. Ma\u00dfgeblich ist de tats\u00e4chliche Eingang Ihrer E-Mail bei uns.<\/p>\n\n\n\n<p>(3) Sie willigen widerruflich in die Speicherung und Verarbeitung s\u00e4mtlicher von Ihnen bei uns hinterlassenen personenbezogenen Daten, in die Auswertung, Speicherung und Zusammenf\u00fchrung Ihres Nutzerverhaltens sowie in die Verarbeitung und \u00dcbermittlung Ihrer bei uns hinterlassenen personenbezogenen Daten und Nutzerprofile zu Marketing- und Werbezwecken an dritte Unternehmen aus Nicht-EU\/EWR-Staaten ein. Betreffende einen Widerruf gilt Abs. 2 und \u00a75 unserer Datenschutzbestimmungen.<\/p>\n\n\n\n<p><\/p>\n","protected":false},"excerpt":{"rendered":"<p>\u00a71 Geltungsbereich (1) Sofern Sie (nachfolgend: &#8222;Kunde&#8220;) von uns, Hundeschule421, Klettenberger Hauptstr. 18, 99755 Hohenstein wird die ausschlie\u00dfliche Geltung dieser Allgemeinen Gesch\u00e4ftsbedingungen vereinbart. Die Inanspruchnahme unserer Angebote ohne vorherige Anerkennung gestatten wir nicht. (2) Alle zwischen Ihnen und uns im Zusammenhang mit dem jeweiligen Vertrag getroffenen Vereinbarungen ergeben sich aus diesen Bedingungen und aus individueller [&hellip;]<\/p>\n","protected":false},"author":1,"featured_media":0,"parent":0,"menu_order":1,"comment_status":"closed","ping_status":"closed","template":"","meta":{"footnotes":""},"class_list":["post-469","page","type-page","status-publish","hentry"],"_links":{"self":[{"href":"https:\/\/hundeschule421.de\/index.php?rest_route=\/wp\/v2\/pages\/469","targetHints":{"allow":["GET"]}}],"collection":[{"href":"https:\/\/hundeschule421.de\/index.php?rest_route=\/wp\/v2\/pages"}],"about":[{"href":"https:\/\/hundeschule421.de\/index.php?rest_route=\/wp\/v2\/types\/page"}],"author":[{"embeddable":true,"href":"https:\/\/hundeschule421.de\/index.php?rest_route=\/wp\/v2\/users\/1"}],"replies":[{"embeddable":true,"href":"https:\/\/hundeschule421.de\/index.php?rest_route=%2Fwp%2Fv2%2Fcomments&post=469"}],"version-history":[{"count":5,"href":"https:\/\/hundeschule421.de\/index.php?rest_route=\/wp\/v2\/pages\/469\/revisions"}],"predecessor-version":[{"id":645,"href":"https:\/\/hundeschule421.de\/index.php?rest_route=\/wp\/v2\/pages\/469\/revisions\/645"}],"wp:attachment":[{"href":"https:\/\/hundeschule421.de\/index.php?rest_route=%2Fwp%2Fv2%2Fmedia&parent=469"}],"curies":[{"name":"wp","href":"https:\/\/api.w.org\/{rel}","templated":true}]}}